{"id":2050,"date":"2025-11-24T10:44:54","date_gmt":"2025-11-24T10:44:54","guid":{"rendered":"https:\/\/holbakft.hu\/?page_id=2050"},"modified":"2025-11-24T10:50:03","modified_gmt":"2025-11-24T10:50:03","slug":"impresszum","status":"publish","type":"page","link":"https:\/\/holbakft.hu\/en\/impresszum\/","title":{"rendered":"masthead"},"content":{"rendered":"<div data-elementor-type=\"wp-page\" data-elementor-id=\"2050\" class=\"elementor elementor-2050\" data-elementor-post-type=\"page\">\n\t\t\t\t<div class=\"elementor-element elementor-element-28e71ad e-flex e-con-boxed e-con e-parent\" data-id=\"28e71ad\" data-element_type=\"container\" data-e-type=\"container\">\n\t\t\t\t\t<div class=\"e-con-inner\">\n\t\t\t\t<div class=\"elementor-element elementor-element-fea083f elementor-widget elementor-widget-text-editor\" data-id=\"fea083f\" data-element_type=\"widget\" data-e-type=\"widget\" data-widget_type=\"text-editor.default\">\n\t\t\t\t\t\t\t\t\t<ul><li><p data-path-to-node=\"8,0,0\"><b>Name of the service provider:<\/b> HOLBA KERESKED\u0150 Kft.<\/p><\/li><li><p data-path-to-node=\"8,1,0\"><b>Address of the head office:<\/b> 1162 Budapest, Slovak Street 94.<\/p><\/li><li><p data-path-to-node=\"8,2,0\"><b>Availability:<\/b> email: ugyvezeto@holbakft.hu, phone: +361-6044451<\/p><\/li><li><p data-path-to-node=\"8,3,0\"><b>Company registration number:<\/b> 01-09-442687<\/p><\/li><li><p data-path-to-node=\"8,4,0\"><b>Tax number:<\/b> 32226485-2-42<\/p><\/li><li><p data-path-to-node=\"8,5,0\"><b>Details of the hosting provider:<\/b><\/p><ul data-path-to-node=\"8,6,1\"><li>Name: sybell Informatika Kft.<\/li><li>Headquarters: 1138 Budapest, Tomori utca 34. 2. floor<\/li><li><p data-path-to-node=\"8,6,1,2,0\">E-mail address: <a href=\"mailto:hello@sybell.hu\">hello@sybell.hu<\/a><\/p><\/li><\/ul><\/li><\/ul>\t\t\t\t\t\t\t\t<\/div>\n\t\t\t\t\t<\/div>\n\t\t\t\t<\/div>\n\t\t\t\t<\/div>","protected":false},"excerpt":{"rendered":"<p>A szolg\u00e1ltat\u00f3 neve: HOLBA KERESKED\u0150 Kft. Sz\u00e9khely c\u00edme: 1162 Budapest, Szlov\u00e1k \u00fat 94. El\u00e9rhet\u0151s\u00e9g: email: ugyvezeto@holbakft.hu, telefonsz\u00e1m: +361-6044451 C\u00e9gjegyz\u00e9ksz\u00e1m: 01-09-442687 Ad\u00f3sz\u00e1m: 32226485-2-42 T\u00e1rhelyszolg\u00e1ltat\u00f3 adatai: N\u00e9v: Sybell Informatika Kft. Sz\u00e9khely: 1138 Budapest, Tomori utca 34. 2. emelet E-mail c\u00edm: hello@sybell.hu<\/p>","protected":false},"author":1,"featured_media":0,"parent":0,"menu_order":0,"comment_status":"closed","ping_status":"closed","template":"","meta":{"footnotes":""},"class_list":["post-2050","page","type-page","status-publish","hentry"],"_links":{"self":[{"href":"https:\/\/holbakft.hu\/en\/wp-json\/wp\/v2\/pages\/2050","targetHints":{"allow":["GET"]}}],"collection":[{"href":"https:\/\/holbakft.hu\/en\/wp-json\/wp\/v2\/pages"}],"about":[{"href":"https:\/\/holbakft.hu\/en\/wp-json\/wp\/v2\/types\/page"}],"author":[{"embeddable":true,"href":"https:\/\/holbakft.hu\/en\/wp-json\/wp\/v2\/users\/1"}],"replies":[{"embeddable":true,"href":"https:\/\/holbakft.hu\/en\/wp-json\/wp\/v2\/comments?post=2050"}],"version-history":[{"count":7,"href":"https:\/\/holbakft.hu\/en\/wp-json\/wp\/v2\/pages\/2050\/revisions"}],"predecessor-version":[{"id":2057,"href":"https:\/\/holbakft.hu\/en\/wp-json\/wp\/v2\/pages\/2050\/revisions\/2057"}],"wp:attachment":[{"href":"https:\/\/holbakft.hu\/en\/wp-json\/wp\/v2\/media?parent=2050"}],"curies":[{"name":"wp","href":"https:\/\/api.w.org\/{rel}","templated":true}]}}